{"id":254,"date":"2021-04-11T09:55:41","date_gmt":"2021-04-11T07:55:41","guid":{"rendered":"http:\/\/lesliebrillustrations.fr\/?page_id=254"},"modified":"2021-09-08T19:58:54","modified_gmt":"2021-09-08T17:58:54","slug":"accueil","status":"publish","type":"page","link":"https:\/\/lesliebrillustrations.fr\/","title":{"rendered":"Accueil"},"content":{"rendered":"\n<div class=\"wp-block-group is-layout-flow wp-block-group-is-layout-flow\"><div class=\"wp-block-group__inner-container\">\n<div class=\"wp-block-columns is-layout-flex wp-container-6 wp-block-columns-is-layout-flex\">\n<div class=\"wp-block-column is-layout-flow wp-block-column-is-layout-flow\">\n<figure class=\"wp-block-image size-large is-style-default\"><img decoding=\"async\" loading=\"lazy\" width=\"768\" height=\"1024\" src=\"https:\/\/lesliebrillustrations.fr\/wp-content\/uploads\/2021\/04\/photo-accueil-1.jpg\" alt=\"\" class=\"wp-image-272\" srcset=\"https:\/\/lesliebrillustrations.fr\/wp-content\/uploads\/2021\/04\/photo-accueil-1.jpg 768w, https:\/\/lesliebrillustrations.fr\/wp-content\/uploads\/2021\/04\/photo-accueil-1-225x300.jpg 225w, https:\/\/lesliebrillustrations.fr\/wp-content\/uploads\/2021\/04\/photo-accueil-1-500x667.jpg 500w\" sizes=\"(max-width: 768px) 100vw, 768px\" \/><figcaption>Vague V &#8211; Aquarelle &#8211; Vendue<\/figcaption><\/figure>\n<\/div>\n\n\n\n<div class=\"wp-block-column is-layout-flow wp-block-column-is-layout-flow\">\n<div class=\"wp-block-group is-layout-flow wp-block-group-is-layout-flow\"><div class=\"wp-block-group__inner-container\">\n<div class=\"wp-block-columns is-layout-flex wp-container-3 wp-block-columns-is-layout-flex\">\n<div class=\"wp-block-column is-vertically-aligned-center is-layout-flow wp-block-column-is-layout-flow\">\n<p>Bonjour, je m\u2019appelle Leslie, je suis peintre aquarelliste, autodidacte.<\/p>\n\n\n\n<p>J\u2019ai toujours aim\u00e9 dessiner et cela depuis toute petite. L\u2019aquarelle est impr\u00e9visible, les effets de la fusion de l\u2019eau et des pigments me fascinent depuis toujours. Aujourd\u2019hui je pratique cet art assidument, il est ma bouff\u00e9e d\u2019oxyg\u00e8ne dans mon quotidien.<\/p>\n\n\n\n<p>Mes th\u00e8mes de pr\u00e9dilection se tournent avant tout vers la botanique. C\u2019est un sujet in\u00e9puisable, plein de couleurs et de formes, qui me tient \u00e0 c\u0153ur.<\/p>\n\n\n\n<p>Mon deuxi\u00e8me motif d\u2019\u00e9tude sont les animaux. J\u2019adore dessiner les oiseaux, les poissons et les animaux de la for\u00eat. Plus r\u00e9cemment, je me suis exerc\u00e9e aux reproductions de paysages et d\u2019architectures.<\/p>\n\n\n\n<p>Voici quelqu\u2019unes de mes derni\u00e8res cr\u00e9ations, n\u2019h\u00e9sitez pas \u00e0 parcourir mon Instagram pour plus de dessins !<\/p>\n<\/div>\n<\/div>\n<\/div><\/div>\n<\/div>\n<\/div>\n<\/div><\/div>\n\n\n\n<div class=\"wp-block-image\"><figure class=\"aligncenter size-large\"><img decoding=\"async\" loading=\"lazy\" width=\"1024\" height=\"341\" src=\"https:\/\/lesliebrillustrations.fr\/wp-content\/uploads\/2021\/09\/Frise-septembre-grande-1024x341.jpg\" alt=\"\" class=\"wp-image-429\" srcset=\"https:\/\/lesliebrillustrations.fr\/wp-content\/uploads\/2021\/09\/Frise-septembre-grande-1024x341.jpg 1024w, https:\/\/lesliebrillustrations.fr\/wp-content\/uploads\/2021\/09\/Frise-septembre-grande-300x100.jpg 300w, https:\/\/lesliebrillustrations.fr\/wp-content\/uploads\/2021\/09\/Frise-septembre-grande-768x256.jpg 768w, https:\/\/lesliebrillustrations.fr\/wp-content\/uploads\/2021\/09\/Frise-septembre-grande-1536x512.jpg 1536w, https:\/\/lesliebrillustrations.fr\/wp-content\/uploads\/2021\/09\/Frise-septembre-grande-2048x683.jpg 2048w, https:\/\/lesliebrillustrations.fr\/wp-content\/uploads\/2021\/09\/Frise-septembre-grande-500x167.jpg 500w, https:\/\/lesliebrillustrations.fr\/wp-content\/uploads\/2021\/09\/Frise-septembre-grande-800x267.jpg 800w, https:\/\/lesliebrillustrations.fr\/wp-content\/uploads\/2021\/09\/Frise-septembre-grande-1280x427.jpg 1280w, https:\/\/lesliebrillustrations.fr\/wp-content\/uploads\/2021\/09\/Frise-septembre-grande-1920x640.jpg 1920w, https:\/\/lesliebrillustrations.fr\/wp-content\/uploads\/2021\/09\/Frise-septembre-grande-1140x380.jpg 1140w\" sizes=\"(max-width: 1024px) 100vw, 1024px\" \/><\/figure><\/div>\n","protected":false},"excerpt":{"rendered":"<p>Bonjour, je m\u2019appelle Leslie, je suis peintre aquarelliste, autodidacte. J\u2019ai toujours aim\u00e9 dessiner et cela depuis toute petite. L\u2019aquarelle est impr\u00e9visible, les effets de la fusion de l\u2019eau et des pigments me fascinent depuis toujours. Aujourd\u2019hui je pratique cet art assidument, il est ma bouff\u00e9e d\u2019oxyg\u00e8ne dans mon quotidien. Mes th\u00e8mes de pr\u00e9dilection se tournent avant tout vers la botanique. C\u2019est un sujet in\u00e9puisable, plein de couleurs et de formes, qui me tient \u00e0 c\u0153ur. Mon deuxi\u00e8me motif d\u2019\u00e9tude sont les animaux. J\u2019adore dessiner les oiseaux, les poissons et les animaux de la for\u00eat. Plus r\u00e9cemment, je me suis exerc\u00e9e aux reproductions de paysages et d\u2019architectures. Voici quelqu\u2019unes de mes derni\u00e8res cr\u00e9ations, n\u2019h\u00e9sitez pas \u00e0 parcourir mon Instagram pour plus de dessins !<\/p>\n","protected":false},"author":1,"featured_media":0,"parent":0,"menu_order":0,"comment_status":"closed","ping_status":"closed","template":"","meta":{"footnotes":""},"acf":[],"_links":{"self":[{"href":"https:\/\/lesliebrillustrations.fr\/index.php?rest_route=\/wp\/v2\/pages\/254"}],"collection":[{"href":"https:\/\/lesliebrillustrations.fr\/index.php?rest_route=\/wp\/v2\/pages"}],"about":[{"href":"https:\/\/lesliebrillustrations.fr\/index.php?rest_route=\/wp\/v2\/types\/page"}],"author":[{"embeddable":true,"href":"https:\/\/lesliebrillustrations.fr\/index.php?rest_route=\/wp\/v2\/users\/1"}],"replies":[{"embeddable":true,"href":"https:\/\/lesliebrillustrations.fr\/index.php?rest_route=%2Fwp%2Fv2%2Fcomments&post=254"}],"version-history":[{"count":14,"href":"https:\/\/lesliebrillustrations.fr\/index.php?rest_route=\/wp\/v2\/pages\/254\/revisions"}],"predecessor-version":[{"id":430,"href":"https:\/\/lesliebrillustrations.fr\/index.php?rest_route=\/wp\/v2\/pages\/254\/revisions\/430"}],"wp:attachment":[{"href":"https:\/\/lesliebrillustrations.fr\/index.php?rest_route=%2Fwp%2Fv2%2Fmedia&parent=254"}],"curies":[{"name":"wp","href":"https:\/\/api.w.org\/{rel}","templated":true}]}}