{"id":260,"date":"2021-04-11T09:56:34","date_gmt":"2021-04-11T07:56:34","guid":{"rendered":"http:\/\/lesliebrillustrations.fr\/?page_id=260"},"modified":"2023-09-18T19:00:40","modified_gmt":"2023-09-18T17:00:40","slug":"boutique","status":"publish","type":"page","link":"https:\/\/lesliebrillustrations.fr\/?page_id=260","title":{"rendered":"Boutique"},"content":{"rendered":"\n<div class=\"wp-block-columns is-layout-flex wp-container-3 wp-block-columns-is-layout-flex\">\n<div class=\"wp-block-column is-layout-flow wp-block-column-is-layout-flow\" style=\"flex-basis:33.33%\">\n<figure class=\"wp-block-image size-large\"><img decoding=\"async\" loading=\"lazy\" width=\"576\" height=\"1024\" src=\"https:\/\/lesliebrillustrations.fr\/wp-content\/uploads\/2021\/06\/57D55461-7197-4155-9FE2-7CDBD1FA6188_1_105_c-1-576x1024.jpeg\" alt=\"\" class=\"wp-image-393\" srcset=\"https:\/\/lesliebrillustrations.fr\/wp-content\/uploads\/2021\/06\/57D55461-7197-4155-9FE2-7CDBD1FA6188_1_105_c-1-576x1024.jpeg 576w, https:\/\/lesliebrillustrations.fr\/wp-content\/uploads\/2021\/06\/57D55461-7197-4155-9FE2-7CDBD1FA6188_1_105_c-1-169x300.jpeg 169w, https:\/\/lesliebrillustrations.fr\/wp-content\/uploads\/2021\/06\/57D55461-7197-4155-9FE2-7CDBD1FA6188_1_105_c-1-500x889.jpeg 500w, https:\/\/lesliebrillustrations.fr\/wp-content\/uploads\/2021\/06\/57D55461-7197-4155-9FE2-7CDBD1FA6188_1_105_c-1.jpeg 665w\" sizes=\"(max-width: 576px) 100vw, 576px\" \/><\/figure>\n<\/div>\n\n\n\n<div class=\"wp-block-column is-layout-flow wp-block-column-is-layout-flow\" style=\"flex-basis:66.66%\">\n<p>Les oeuvres originales sont vendues dans ma boutique Etsy. ( Cliquez sur le lien ci-dessous )<\/p>\n\n\n\n<p>Les peintures sont vendues sans cadre.<\/p>\n\n\n\n<p>Votre commande est envoy\u00e9e en Lettre Suivie ou Colissimo suivant le volume de celle-ci.<\/p>\n\n\n\n<p>Chaque envoi est emball\u00e9 avec soin par moi-m\u00eame et trait\u00e9 avec attention : vous recevrez la peinture dans une pochette plastique qui la prot\u00e8ge de l\u2019humidit\u00e9 et une enveloppe cartonn\u00e9e rigide 100&nbsp;% recyclable.<\/p>\n\n\n<div class=\"wp-block-image\">\n<figure class=\"aligncenter size-large is-resized\"><a href=\"https:\/\/lesliebrillustration.etsy.com\" target=\"_blank\" rel=\"noopener\"><img decoding=\"async\" loading=\"lazy\" src=\"https:\/\/lesliebrillustrations.fr\/wp-content\/uploads\/2021\/05\/logo-etsy.png\" alt=\"\" class=\"wp-image-324\" width=\"250\" height=\"141\" srcset=\"https:\/\/lesliebrillustrations.fr\/wp-content\/uploads\/2021\/05\/logo-etsy.png 1000w, https:\/\/lesliebrillustrations.fr\/wp-content\/uploads\/2021\/05\/logo-etsy-300x169.png 300w, https:\/\/lesliebrillustrations.fr\/wp-content\/uploads\/2021\/05\/logo-etsy-768x432.png 768w, https:\/\/lesliebrillustrations.fr\/wp-content\/uploads\/2021\/05\/logo-etsy-500x281.png 500w, https:\/\/lesliebrillustrations.fr\/wp-content\/uploads\/2021\/05\/logo-etsy-800x450.png 800w\" sizes=\"(max-width: 250px) 100vw, 250px\" \/><\/a><\/figure><\/div>\n\n\n<p><\/p>\n<\/div>\n<\/div>\n\n\n\n<div class=\"wp-block-columns is-layout-flex wp-container-6 wp-block-columns-is-layout-flex\">\n<div class=\"wp-block-column is-layout-flow wp-block-column-is-layout-flow\">\n<p>Dans ma boutique RedBubble, vous retrouverez mes aquarelles que vous pouvez faire imprim\u00e9s sur diff\u00e9rents supports : mug, sac, tee-shirt, magnet, coussin, coque de portable, etc&#8230; Cliquez sur le lien suivant.<\/p>\n<\/div>\n\n\n\n<div class=\"wp-block-column is-layout-flow wp-block-column-is-layout-flow\">\n<figure class=\"wp-block-image size-large is-resized\"><a href=\"https:\/\/www.redbubble.com\/fr\/people\/lesliebr\/shop?asc=u\"><img decoding=\"async\" loading=\"lazy\" src=\"https:\/\/lesliebrillustrations.fr\/wp-content\/uploads\/2021\/05\/logo-redbubble.png\" alt=\"\" class=\"wp-image-325\" width=\"314\" height=\"109\" srcset=\"https:\/\/lesliebrillustrations.fr\/wp-content\/uploads\/2021\/05\/logo-redbubble.png 628w, https:\/\/lesliebrillustrations.fr\/wp-content\/uploads\/2021\/05\/logo-redbubble-300x104.png 300w, https:\/\/lesliebrillustrations.fr\/wp-content\/uploads\/2021\/05\/logo-redbubble-500x174.png 500w\" sizes=\"(max-width: 314px) 100vw, 314px\" \/><\/a><\/figure>\n<\/div>\n<\/div>\n\n\n\n<figure class=\"wp-block-gallery has-nested-images columns-default is-cropped wp-block-gallery-7 is-layout-flex wp-block-gallery-is-layout-flex\">\n<figure class=\"wp-block-image size-large\"><img decoding=\"async\" loading=\"lazy\" width=\"999\" height=\"1000\" data-id=\"394\" src=\"https:\/\/lesliebrillustrations.fr\/wp-content\/uploads\/2021\/06\/work-76702280-coussin-de-sol.jpg\" alt=\"\" class=\"wp-image-394\" srcset=\"https:\/\/lesliebrillustrations.fr\/wp-content\/uploads\/2021\/06\/work-76702280-coussin-de-sol.jpg 999w, https:\/\/lesliebrillustrations.fr\/wp-content\/uploads\/2021\/06\/work-76702280-coussin-de-sol-300x300.jpg 300w, https:\/\/lesliebrillustrations.fr\/wp-content\/uploads\/2021\/06\/work-76702280-coussin-de-sol-150x150.jpg 150w, https:\/\/lesliebrillustrations.fr\/wp-content\/uploads\/2021\/06\/work-76702280-coussin-de-sol-768x769.jpg 768w, https:\/\/lesliebrillustrations.fr\/wp-content\/uploads\/2021\/06\/work-76702280-coussin-de-sol-500x501.jpg 500w, https:\/\/lesliebrillustrations.fr\/wp-content\/uploads\/2021\/06\/work-76702280-coussin-de-sol-800x801.jpg 800w, https:\/\/lesliebrillustrations.fr\/wp-content\/uploads\/2021\/06\/work-76702280-coussin-de-sol-75x75.jpg 75w\" sizes=\"(max-width: 999px) 100vw, 999px\" \/><\/figure>\n\n\n\n<figure class=\"wp-block-image size-large\"><img decoding=\"async\" loading=\"lazy\" width=\"1000\" height=\"1000\" data-id=\"395\" src=\"https:\/\/lesliebrillustrations.fr\/wp-content\/uploads\/2021\/06\/work-63530157-tablier-1.jpg\" alt=\"\" class=\"wp-image-395\" srcset=\"https:\/\/lesliebrillustrations.fr\/wp-content\/uploads\/2021\/06\/work-63530157-tablier-1.jpg 1000w, https:\/\/lesliebrillustrations.fr\/wp-content\/uploads\/2021\/06\/work-63530157-tablier-1-300x300.jpg 300w, https:\/\/lesliebrillustrations.fr\/wp-content\/uploads\/2021\/06\/work-63530157-tablier-1-150x150.jpg 150w, https:\/\/lesliebrillustrations.fr\/wp-content\/uploads\/2021\/06\/work-63530157-tablier-1-768x768.jpg 768w, https:\/\/lesliebrillustrations.fr\/wp-content\/uploads\/2021\/06\/work-63530157-tablier-1-500x500.jpg 500w, https:\/\/lesliebrillustrations.fr\/wp-content\/uploads\/2021\/06\/work-63530157-tablier-1-800x800.jpg 800w, https:\/\/lesliebrillustrations.fr\/wp-content\/uploads\/2021\/06\/work-63530157-tablier-1-75x75.jpg 75w\" sizes=\"(max-width: 1000px) 100vw, 1000px\" \/><\/figure>\n\n\n\n<figure class=\"wp-block-image size-large\"><img decoding=\"async\" loading=\"lazy\" width=\"1000\" height=\"1000\" data-id=\"396\" src=\"https:\/\/lesliebrillustrations.fr\/wp-content\/uploads\/2021\/06\/work-76766489-magnet.jpg\" alt=\"\" class=\"wp-image-396\" srcset=\"https:\/\/lesliebrillustrations.fr\/wp-content\/uploads\/2021\/06\/work-76766489-magnet.jpg 1000w, https:\/\/lesliebrillustrations.fr\/wp-content\/uploads\/2021\/06\/work-76766489-magnet-300x300.jpg 300w, https:\/\/lesliebrillustrations.fr\/wp-content\/uploads\/2021\/06\/work-76766489-magnet-150x150.jpg 150w, https:\/\/lesliebrillustrations.fr\/wp-content\/uploads\/2021\/06\/work-76766489-magnet-768x768.jpg 768w, https:\/\/lesliebrillustrations.fr\/wp-content\/uploads\/2021\/06\/work-76766489-magnet-500x500.jpg 500w, https:\/\/lesliebrillustrations.fr\/wp-content\/uploads\/2021\/06\/work-76766489-magnet-800x800.jpg 800w, https:\/\/lesliebrillustrations.fr\/wp-content\/uploads\/2021\/06\/work-76766489-magnet-75x75.jpg 75w\" sizes=\"(max-width: 1000px) 100vw, 1000px\" \/><\/figure>\n\n\n\n<figure class=\"wp-block-image size-large\"><img decoding=\"async\" loading=\"lazy\" width=\"1000\" height=\"1000\" data-id=\"397\" src=\"https:\/\/lesliebrillustrations.fr\/wp-content\/uploads\/2021\/06\/work-63530157-skin-adhe\u0301sive-dordinateur.jpg\" alt=\"\" class=\"wp-image-397\" srcset=\"https:\/\/lesliebrillustrations.fr\/wp-content\/uploads\/2021\/06\/work-63530157-skin-adhe\u0301sive-dordinateur.jpg 1000w, https:\/\/lesliebrillustrations.fr\/wp-content\/uploads\/2021\/06\/work-63530157-skin-adhe\u0301sive-dordinateur-300x300.jpg 300w, https:\/\/lesliebrillustrations.fr\/wp-content\/uploads\/2021\/06\/work-63530157-skin-adhe\u0301sive-dordinateur-150x150.jpg 150w, https:\/\/lesliebrillustrations.fr\/wp-content\/uploads\/2021\/06\/work-63530157-skin-adhe\u0301sive-dordinateur-768x768.jpg 768w, https:\/\/lesliebrillustrations.fr\/wp-content\/uploads\/2021\/06\/work-63530157-skin-adhe\u0301sive-dordinateur-500x500.jpg 500w, https:\/\/lesliebrillustrations.fr\/wp-content\/uploads\/2021\/06\/work-63530157-skin-adhe\u0301sive-dordinateur-800x800.jpg 800w, https:\/\/lesliebrillustrations.fr\/wp-content\/uploads\/2021\/06\/work-63530157-skin-adhe\u0301sive-dordinateur-75x75.jpg 75w\" sizes=\"(max-width: 1000px) 100vw, 1000px\" \/><\/figure>\n\n\n\n<figure class=\"wp-block-image size-large\"><img decoding=\"async\" loading=\"lazy\" width=\"1000\" height=\"1000\" data-id=\"398\" src=\"https:\/\/lesliebrillustrations.fr\/wp-content\/uploads\/2021\/06\/work-77599723-bloc-acrylique-1.jpg\" alt=\"\" class=\"wp-image-398\" srcset=\"https:\/\/lesliebrillustrations.fr\/wp-content\/uploads\/2021\/06\/work-77599723-bloc-acrylique-1.jpg 1000w, https:\/\/lesliebrillustrations.fr\/wp-content\/uploads\/2021\/06\/work-77599723-bloc-acrylique-1-300x300.jpg 300w, https:\/\/lesliebrillustrations.fr\/wp-content\/uploads\/2021\/06\/work-77599723-bloc-acrylique-1-150x150.jpg 150w, https:\/\/lesliebrillustrations.fr\/wp-content\/uploads\/2021\/06\/work-77599723-bloc-acrylique-1-768x768.jpg 768w, https:\/\/lesliebrillustrations.fr\/wp-content\/uploads\/2021\/06\/work-77599723-bloc-acrylique-1-500x500.jpg 500w, https:\/\/lesliebrillustrations.fr\/wp-content\/uploads\/2021\/06\/work-77599723-bloc-acrylique-1-800x800.jpg 800w, https:\/\/lesliebrillustrations.fr\/wp-content\/uploads\/2021\/06\/work-77599723-bloc-acrylique-1-75x75.jpg 75w\" sizes=\"(max-width: 1000px) 100vw, 1000px\" \/><\/figure>\n\n\n\n<figure class=\"wp-block-image size-large\"><img decoding=\"async\" loading=\"lazy\" width=\"900\" height=\"900\" data-id=\"399\" src=\"https:\/\/lesliebrillustrations.fr\/wp-content\/uploads\/2021\/06\/work-77626089-impression-rigide.jpg\" alt=\"\" class=\"wp-image-399\" srcset=\"https:\/\/lesliebrillustrations.fr\/wp-content\/uploads\/2021\/06\/work-77626089-impression-rigide.jpg 900w, https:\/\/lesliebrillustrations.fr\/wp-content\/uploads\/2021\/06\/work-77626089-impression-rigide-300x300.jpg 300w, https:\/\/lesliebrillustrations.fr\/wp-content\/uploads\/2021\/06\/work-77626089-impression-rigide-150x150.jpg 150w, https:\/\/lesliebrillustrations.fr\/wp-content\/uploads\/2021\/06\/work-77626089-impression-rigide-768x768.jpg 768w, https:\/\/lesliebrillustrations.fr\/wp-content\/uploads\/2021\/06\/work-77626089-impression-rigide-500x500.jpg 500w, https:\/\/lesliebrillustrations.fr\/wp-content\/uploads\/2021\/06\/work-77626089-impression-rigide-800x800.jpg 800w, https:\/\/lesliebrillustrations.fr\/wp-content\/uploads\/2021\/06\/work-77626089-impression-rigide-75x75.jpg 75w\" sizes=\"(max-width: 900px) 100vw, 900px\" \/><\/figure>\n\n\n\n<figure class=\"wp-block-image size-large\"><img decoding=\"async\" loading=\"lazy\" width=\"999\" height=\"1000\" data-id=\"400\" src=\"https:\/\/lesliebrillustrations.fr\/wp-content\/uploads\/2021\/06\/work-77626089-coussin.jpg\" alt=\"\" class=\"wp-image-400\" srcset=\"https:\/\/lesliebrillustrations.fr\/wp-content\/uploads\/2021\/06\/work-77626089-coussin.jpg 999w, https:\/\/lesliebrillustrations.fr\/wp-content\/uploads\/2021\/06\/work-77626089-coussin-300x300.jpg 300w, https:\/\/lesliebrillustrations.fr\/wp-content\/uploads\/2021\/06\/work-77626089-coussin-150x150.jpg 150w, https:\/\/lesliebrillustrations.fr\/wp-content\/uploads\/2021\/06\/work-77626089-coussin-768x769.jpg 768w, https:\/\/lesliebrillustrations.fr\/wp-content\/uploads\/2021\/06\/work-77626089-coussin-500x501.jpg 500w, https:\/\/lesliebrillustrations.fr\/wp-content\/uploads\/2021\/06\/work-77626089-coussin-800x801.jpg 800w, https:\/\/lesliebrillustrations.fr\/wp-content\/uploads\/2021\/06\/work-77626089-coussin-75x75.jpg 75w\" sizes=\"(max-width: 999px) 100vw, 999px\" \/><\/figure>\n\n\n\n<figure class=\"wp-block-image size-large\"><img decoding=\"async\" loading=\"lazy\" width=\"1000\" height=\"1000\" data-id=\"401\" src=\"https:\/\/lesliebrillustrations.fr\/wp-content\/uploads\/2021\/06\/work-77599723-coque-rigide-iphone.jpg\" alt=\"\" class=\"wp-image-401\" srcset=\"https:\/\/lesliebrillustrations.fr\/wp-content\/uploads\/2021\/06\/work-77599723-coque-rigide-iphone.jpg 1000w, https:\/\/lesliebrillustrations.fr\/wp-content\/uploads\/2021\/06\/work-77599723-coque-rigide-iphone-300x300.jpg 300w, https:\/\/lesliebrillustrations.fr\/wp-content\/uploads\/2021\/06\/work-77599723-coque-rigide-iphone-150x150.jpg 150w, https:\/\/lesliebrillustrations.fr\/wp-content\/uploads\/2021\/06\/work-77599723-coque-rigide-iphone-768x768.jpg 768w, https:\/\/lesliebrillustrations.fr\/wp-content\/uploads\/2021\/06\/work-77599723-coque-rigide-iphone-500x500.jpg 500w, https:\/\/lesliebrillustrations.fr\/wp-content\/uploads\/2021\/06\/work-77599723-coque-rigide-iphone-800x800.jpg 800w, https:\/\/lesliebrillustrations.fr\/wp-content\/uploads\/2021\/06\/work-77599723-coque-rigide-iphone-75x75.jpg 75w\" sizes=\"(max-width: 1000px) 100vw, 1000px\" \/><\/figure>\n\n\n\n<figure class=\"wp-block-image size-large\"><img decoding=\"async\" loading=\"lazy\" width=\"1000\" height=\"1000\" data-id=\"402\" src=\"https:\/\/lesliebrillustrations.fr\/wp-content\/uploads\/2021\/06\/work-77599723-sac-a\u0300-dos-1.jpg\" alt=\"\" class=\"wp-image-402\" srcset=\"https:\/\/lesliebrillustrations.fr\/wp-content\/uploads\/2021\/06\/work-77599723-sac-a\u0300-dos-1.jpg 1000w, https:\/\/lesliebrillustrations.fr\/wp-content\/uploads\/2021\/06\/work-77599723-sac-a\u0300-dos-1-300x300.jpg 300w, https:\/\/lesliebrillustrations.fr\/wp-content\/uploads\/2021\/06\/work-77599723-sac-a\u0300-dos-1-150x150.jpg 150w, https:\/\/lesliebrillustrations.fr\/wp-content\/uploads\/2021\/06\/work-77599723-sac-a\u0300-dos-1-768x768.jpg 768w, https:\/\/lesliebrillustrations.fr\/wp-content\/uploads\/2021\/06\/work-77599723-sac-a\u0300-dos-1-500x500.jpg 500w, https:\/\/lesliebrillustrations.fr\/wp-content\/uploads\/2021\/06\/work-77599723-sac-a\u0300-dos-1-800x800.jpg 800w, https:\/\/lesliebrillustrations.fr\/wp-content\/uploads\/2021\/06\/work-77599723-sac-a\u0300-dos-1-75x75.jpg 75w\" sizes=\"(max-width: 1000px) 100vw, 1000px\" \/><\/figure>\n<\/figure>\n","protected":false},"excerpt":{"rendered":"<p>Les oeuvres originales sont vendues dans ma boutique Etsy. ( Cliquez sur le lien ci-dessous ) Les peintures sont vendues sans cadre. Votre commande est envoy\u00e9e en Lettre Suivie ou Colissimo suivant le volume de celle-ci. Chaque envoi est emball\u00e9 avec soin par moi-m\u00eame et trait\u00e9 avec attention : vous recevrez la peinture dans une pochette plastique qui la prot\u00e8ge de l\u2019humidit\u00e9 et une enveloppe cartonn\u00e9e rigide 100&nbsp;% recyclable. Dans ma boutique RedBubble, vous retrouverez mes aquarelles que vous pouvez faire imprim\u00e9s sur diff\u00e9rents supports : mug, sac, tee-shirt, magnet, coussin, coque de portable, etc&#8230; Cliquez sur le lien suivant.<\/p>\n","protected":false},"author":1,"featured_media":0,"parent":0,"menu_order":0,"comment_status":"closed","ping_status":"closed","template":"","meta":{"footnotes":""},"acf":[],"_links":{"self":[{"href":"https:\/\/lesliebrillustrations.fr\/index.php?rest_route=\/wp\/v2\/pages\/260"}],"collection":[{"href":"https:\/\/lesliebrillustrations.fr\/index.php?rest_route=\/wp\/v2\/pages"}],"about":[{"href":"https:\/\/lesliebrillustrations.fr\/index.php?rest_route=\/wp\/v2\/types\/page"}],"author":[{"embeddable":true,"href":"https:\/\/lesliebrillustrations.fr\/index.php?rest_route=\/wp\/v2\/users\/1"}],"replies":[{"embeddable":true,"href":"https:\/\/lesliebrillustrations.fr\/index.php?rest_route=%2Fwp%2Fv2%2Fcomments&post=260"}],"version-history":[{"count":7,"href":"https:\/\/lesliebrillustrations.fr\/index.php?rest_route=\/wp\/v2\/pages\/260\/revisions"}],"predecessor-version":[{"id":474,"href":"https:\/\/lesliebrillustrations.fr\/index.php?rest_route=\/wp\/v2\/pages\/260\/revisions\/474"}],"wp:attachment":[{"href":"https:\/\/lesliebrillustrations.fr\/index.php?rest_route=%2Fwp%2Fv2%2Fmedia&parent=260"}],"curies":[{"name":"wp","href":"https:\/\/api.w.org\/{rel}","templated":true}]}}